{"id":528,"date":"2026-01-08T20:18:11","date_gmt":"2026-01-08T20:18:11","guid":{"rendered":"https:\/\/pagamexdist.com\/?page_id=528"},"modified":"2026-01-15T18:40:44","modified_gmt":"2026-01-15T18:40:44","slug":"categorias","status":"publish","type":"page","link":"https:\/\/pagamexdist.com\/index.php\/categorias\/","title":{"rendered":"Categor\u00edas"},"content":{"rendered":"<section class=\"l-section wpb_row us_custom_19737bc8 height_medium color_alternate with_img parallax_hor bgwidth_110\"><div class=\"l-section-img\" role=\"img\" aria-label=\"Imagen\" data-img-width=\"1920\" data-img-height=\"1080\" style=\"background-image: url(https:\/\/pagamexdist.com\/wp-content\/uploads\/2025\/10\/Presentacion-PAGAMEX-3.jpg);\"><\/div><div class=\"l-section-overlay\" style=\"background:rgba(17,35,60,0.91)\"><\/div><div class=\"l-section-h i-cf\"><div class=\"g-cols vc_row via_grid cols_1 laptops-cols_inherit tablets-cols_inherit mobiles-cols_1 valign_top type_default stacking_default\"><div class=\"wpb_column vc_column_container\"><div class=\"vc_column-inner\"><div class=\"w-separator size_small\"><\/div><div class=\"w-hwrapper valign_middle wrap align_justify\" style=\"--hwrapper-gap:2rem\"><h2 class=\"w-text us_custom_2774bef1\"><span class=\"w-text-h\"><span class=\"w-text-value\">Nuestros Productos<\/span><\/span><\/h2><\/div><div class=\"w-separator size_medium\"><\/div><div class=\"g-cols wpb_row via_grid cols_3 laptops-cols_inherit tablets-cols_inherit mobiles-cols_1 valign_top type_default stacking_default\" style=\"--columns-gap:2vw;\"><div class=\"wpb_column vc_column_container\"><div class=\"vc_column-inner\"><div class=\"w-ibanner us_custom_b22f29a5 has_text_color animation_phorcys ratio_3x2 easing_easeInOutCirc\"><a href=\"https:\/\/pagamexdist.com\/index.php\/equipo-de-proteccion-personal\/\" aria-label=\"Equipo de Protecci\u00f3n Personal (EPP)\"><\/a><div class=\"w-ibanner-h\"><div class=\"w-ibanner-image\" style=\"background-image: url(https:\/\/pagamexdist.com\/wp-content\/uploads\/2025\/10\/38-1024x576.jpg)\"><\/div><div class=\"w-ibanner-content\"><div class=\"w-ibanner-content-h\"><h3 class=\"w-ibanner-title\" style=\"font-size:22px;\">Equipo de Protecci\u00f3n Personal (EPP)<\/h3><div class=\"w-ibanner-desc\"><p>Cascos, lentes, caretas, auditivo, respiratorio, guantes, botas.<br \/>\nBeneficio: Cumple normativas y protege a tu personal con disponibilidad inmediata y asesor\u00eda de selecci\u00f3n.<\/p>\n<\/div><\/div><\/div><\/div><\/div><div class=\"w-separator size_custom\" style=\"height:2vw\"><\/div><div class=\"w-ibanner us_custom_b22f29a5 has_text_color animation_phorcys ratio_3x2 easing_easeInOutCirc\"><a href=\"https:\/\/pagamexdist.com\/index.php\/senalizacion\/\" aria-label=\"Se\u00f1alizaci\u00f3n y control\"><\/a><div class=\"w-ibanner-h\"><div class=\"w-ibanner-image\" style=\"background-image: url(https:\/\/pagamexdist.com\/wp-content\/uploads\/2025\/10\/Presentacion-PAGAMEX-4-1024x576.jpg)\"><\/div><div class=\"w-ibanner-content\"><div class=\"w-ibanner-content-h\"><h3 class=\"w-ibanner-title\" style=\"font-size:22px;\">Se\u00f1alizaci\u00f3n y control<\/h3><div class=\"w-ibanner-desc\"><p>Trafitambos, postes delimitadores, conos, cadenas, cintas de barricada y barreras.<br \/>\nBeneficio: Flujo seguro en planta y cumplimiento de lineamientos internos.<\/p>\n<\/div><\/div><\/div><\/div><\/div><\/div><\/div><div class=\"wpb_column vc_column_container\"><div class=\"vc_column-inner\"><div class=\"w-ibanner us_custom_b22f29a5 has_text_color animation_phorcys ratio_3x2 easing_easeInOutCirc\"><a href=\"https:\/\/pagamexdist.com\/index.php\/empaque-y-embalaje\/\" aria-label=\"Empaque y embalaje\"><\/a><div class=\"w-ibanner-h\"><div class=\"w-ibanner-image\" style=\"background-image: url(https:\/\/pagamexdist.com\/wp-content\/uploads\/2025\/10\/35-1024x576.jpg)\"><\/div><div class=\"w-ibanner-content\"><div class=\"w-ibanner-content-h\"><h3 class=\"w-ibanner-title\" style=\"font-size:22px;\">Empaque y embalaje<\/h3><div class=\"w-ibanner-desc\"><p>Playo (pel\u00edcula polystretch), cinta de empaque y masking.<br \/>\nBeneficio: Reducci\u00f3n de mermas y mejor integridad de carga con producto certificado.<\/p>\n<\/div><\/div><\/div><\/div><\/div><div class=\"w-separator size_custom\" style=\"height:2vw\"><\/div><div class=\"w-ibanner us_custom_b22f29a5 has_text_color animation_phorcys ratio_3x2 easing_easeInOutCirc\"><a href=\"https:\/\/pagamexdist.com\/index.php\/limpieza-e-higiene\/\" aria-label=\"Jarcier\u00eda e higi\u00e9nicos\"><\/a><div class=\"w-ibanner-h\"><div class=\"w-ibanner-image\" style=\"background-image: url(https:\/\/pagamexdist.com\/wp-content\/uploads\/2025\/10\/primer-plano-de-una-mujer-de-negocios-limpiando-su-computadora-mientras-trabajaba-en-la-oficina-1024x683.jpg)\"><\/div><div class=\"w-ibanner-content\"><div class=\"w-ibanner-content-h\"><h3 class=\"w-ibanner-title\" style=\"font-size:22px;\">Jarcier\u00eda e higi\u00e9nicos<\/h3><div class=\"w-ibanner-desc\"><p>Jarcier\u00eda profesional y econ\u00f3mica; papel higi\u00e9nico institucional; toalla en rollo e interdoblada; pa\u00f1uelos desechables.<br \/>\nBeneficio: Ahorro en consumo y mayor higiene con marcas l\u00edderes.<\/p>\n<\/div><\/div><\/div><\/div><\/div><\/div><\/div><div class=\"wpb_column vc_column_container\"><div class=\"vc_column-inner\"><div class=\"w-ibanner us_custom_b22f29a5 has_text_color animation_phorcys ratio_3x2 easing_easeInOutCirc\"><a href=\"https:\/\/pagamexdist.com\/index.php\/empaque-y-embalaje\/\" aria-label=\"Montacargas\"><\/a><div class=\"w-ibanner-h\"><div class=\"w-ibanner-image\" style=\"background-image: url(https:\/\/pagamexdist.com\/wp-content\/uploads\/2026\/01\/forklift-transporting-cargo-container-distribution-warehouse-generative-ai-1024x585.jpg)\"><\/div><div class=\"w-ibanner-content\"><div class=\"w-ibanner-content-h\"><h3 class=\"w-ibanner-title\" style=\"font-size:22px;\">Montacargas<\/h3><div class=\"w-ibanner-desc\"><p>Seleccionamos el equipo adecuado seg\u00fan aplicaci\u00f3n, altura de estiba, pasillos, tipo de superficie y capacidad de carga.<\/p>\n<\/div><\/div><\/div><\/div><\/div><div class=\"w-separator size_custom\" style=\"height:2vw\"><\/div><\/div><\/div><\/div><div class=\"w-separator size_huge\"><\/div><\/div><\/div><\/div><\/div><\/section>\n","protected":false},"excerpt":{"rendered":"Nuestros ProductosEquipo de Protecci\u00f3n Personal (EPP)Cascos, lentes, caretas, auditivo, respiratorio, guantes, botas. Beneficio: Cumple normativas y protege a tu personal con disponibilidad inmediata y asesor\u00eda de selecci\u00f3n. Se\u00f1alizaci\u00f3n y controlTrafitambos, postes delimitadores, conos, cadenas, cintas de barricada y barreras. Beneficio: Flujo seguro en planta y cumplimiento de lineamientos internos. Empaque y embalajePlayo (pel\u00edcula polystretch), cinta...","protected":false},"author":1,"featured_media":0,"parent":0,"menu_order":0,"comment_status":"closed","ping_status":"closed","template":"","meta":{"_acf_changed":false,"footnotes":""},"class_list":["post-528","page","type-page","status-publish","hentry"],"acf":[],"_links":{"self":[{"href":"https:\/\/pagamexdist.com\/index.php\/wp-json\/wp\/v2\/pages\/528","targetHints":{"allow":["GET"]}}],"collection":[{"href":"https:\/\/pagamexdist.com\/index.php\/wp-json\/wp\/v2\/pages"}],"about":[{"href":"https:\/\/pagamexdist.com\/index.php\/wp-json\/wp\/v2\/types\/page"}],"author":[{"embeddable":true,"href":"https:\/\/pagamexdist.com\/index.php\/wp-json\/wp\/v2\/users\/1"}],"replies":[{"embeddable":true,"href":"https:\/\/pagamexdist.com\/index.php\/wp-json\/wp\/v2\/comments?post=528"}],"version-history":[{"count":4,"href":"https:\/\/pagamexdist.com\/index.php\/wp-json\/wp\/v2\/pages\/528\/revisions"}],"predecessor-version":[{"id":541,"href":"https:\/\/pagamexdist.com\/index.php\/wp-json\/wp\/v2\/pages\/528\/revisions\/541"}],"wp:attachment":[{"href":"https:\/\/pagamexdist.com\/index.php\/wp-json\/wp\/v2\/media?parent=528"}],"curies":[{"name":"wp","href":"https:\/\/api.w.org\/{rel}","templated":true}]}}